{"id":2591,"date":"2022-09-06T14:31:44","date_gmt":"2022-09-06T11:31:44","guid":{"rendered":"https:\/\/swissbork.com.tr\/cerez-politikasi\/"},"modified":"2024-04-30T14:35:23","modified_gmt":"2024-04-30T11:35:23","slug":"cerez-politikasi","status":"publish","type":"page","link":"https:\/\/swissbork.com.tr\/ru\/%D0%9F%D0%BE%D0%BB%D0%B8%D1%82%D0%B8%D0%BA%D0%B0-%D0%B8%D1%81%D0%BF%D0%BE%D0%BB%D1%8C%D0%B7%D0%BE%D0%B2%D0%B0%D0%BD%D0%B8%D1%8F-%D1%84%D0%B0%D0%B9%D0%BB%D0%BE%D0%B2-cookie\/","title":{"rendered":"\u041f\u043e\u043b\u0438\u0442\u0438\u043a\u0430 \u0438\u0441\u043f\u043e\u043b\u044c\u0437\u043e\u0432\u0430\u043d\u0438\u044f \u0444\u0430\u0439\u043b\u043e\u0432 cookie"},"content":{"rendered":"\r\n<p><span style=\"font-weight: 400;\">Web sitemizi her ziyaretinizde eri\u015fim ve kullan\u0131mlar\u0131n\u0131z\u0131 g\u00f6steren bilgiler sitemizi kullan\u0131\u015fl\u0131, etkili, g\u00fcvenli hale getirmek ve size daha iyi hizmet verebilmek amac\u0131yla \u00e7e\u015fitli veri elde etme ara\u00e7lar\u0131 ile veya bizim ad\u0131m\u0131za faaliyet g\u00f6steren i\u015f ortalar\u0131m\u0131z olan \u00fc\u00e7\u00fcnc\u00fc ki\u015filer taraf\u0131ndan ilgili teknolojiler kullan\u0131larak verileriniz toplan\u0131r ve hukuka uygun olarak i\u015flenir.<\/span><\/p>\r\n<p><b>\u00c7erez (\u201cCookie\u201d) Nedir? <\/b><span style=\"font-weight: 400;\">\u00c7erezler, bir web sayfas\u0131 ziyaret edildi\u011fi zaman taray\u0131c\u0131lardaki kullan\u0131c\u0131lar\u0131n depoland\u0131\u011f\u0131 genelde harf ve rakamlardan olu\u015fan \u00e7ok k\u00fc\u00e7\u00fck metin dosyalar\u0131d\u0131r. Ki\u015filerin web siteleri \u00fczerinde arad\u0131klar\u0131n\u0131 taray\u0131c\u0131 ge\u00e7mi\u015finde kay\u0131t tutar. Site \u00fczerindeki hareketleri taray\u0131c\u0131 kay\u0131tlar\u0131nda tutarak bir web sitesine izin verir. \u00c7erezler, web sitelerine ayn\u0131 ziyaret\u00e7inin siteyi yeniden ziyaret etti\u011fini g\u00f6steren kimlik kartlar\u0131na benzetilebilir. \u00c7erezler, ziyaret\u00e7ilere ili\u015fkin isim, cinsiyet veya adres gibi ki\u015fisel verileri i\u00e7ermezler.<\/span><\/p>\r\n<p><b>\u00c7erezlerin \u00c7e\u015fitleri ve Kullan\u0131m Ama\u00e7lar\u0131 <\/b><span style=\"font-weight: 400;\">Site sahibi taraf\u0131ndan y\u00f6netilen \u00c7erezler, Web sitesi \u00c7erezi olarak adland\u0131r\u0131lmaktad\u0131r. Bunun d\u0131\u015f\u0131nda farkl\u0131 firmalar taraf\u0131ndan y\u00f6netilen \u00fc\u00e7\u00fcnc\u00fc taraf \u00c7erezlerinde kullan\u0131labilmektedir. Oturum \u00c7erezleri ziyaret\u00e7inin web sitesini terk etmesiyle birlikte silinirken, kal\u0131c\u0131 \u00c7erezler de\u011fi\u015fen s\u00fcrelerle ziyaret\u00e7ilerin cihazlar\u0131nda kalmaktad\u0131r. Teknik \u00c7erezler, do\u011frulama \u00c7erezleri, hedefleme\/reklam \u00c7erezleri, ki\u015fiselle\u015ftirme \u00c7erezleri ve analitik \u00c7erezlerde kullan\u0131m amac\u0131na g\u00f6re \u00e7e\u015fitlendirebilece\u011fimiz \u00c7erezlerdir. \u00c7erezler web sitesinin \u00e7al\u0131\u015fmas\u0131 i\u00e7in gerekli temel fonksiyonlar\u0131 ger\u00e7ekle\u015ftirmek, web sitesi analiz etmek ve performans\u0131n\u0131 artt\u0131rmak, web sitesinin i\u015flevselli\u011fini artt\u0131rmak ve kullan\u0131m kolayl\u0131\u011f\u0131 sa\u011flamak ve ki\u015fiselle\u015ftirmesi hedefleme ve reklamc\u0131l\u0131k faaliyeti ger\u00e7ekle\u015ftirmek i\u00e7in kullan\u0131labilmektedir.<\/span><\/p>\r\n<p><span style=\"font-weight: 400;\">Web sayfam\u0131z\u0131 ziyaret etti\u011finizde sayfam\u0131zda kulland\u0131\u011f\u0131m\u0131z\/kullanaca\u011f\u0131m\u0131z \u00e7erezlerle ile ilgili olarak a\u015fa\u011f\u0131daki bilgileri dikkatinize sunmaktay\u0131z.<\/span><\/p>\r\n<h1 class=\"wp-block-heading\"><b>Kulland\u0131\u011f\u0131m\u0131z \u00c7erez T\u00fcrleri<\/b><\/h1>\r\n<p><b>Oturum \u00e7erezleri<\/b><span style=\"font-weight: 400;\">:<\/span><span style=\"font-weight: 400;\"> Siteyi ziyaretiniz s\u00fcresinde kullan\u0131lan ve taray\u0131c\u0131y\u0131 kapatt\u0131\u011f\u0131n\u0131zda silinen ge\u00e7ici \u00e7erezlerdir. Bu \u00e7erezler ziyaretiniz esnas\u0131nda sitenin d\u00fczg\u00fcn bir bi\u00e7imde \u00e7al\u0131\u015fmas\u0131n\u0131 sa\u011flar.<\/span><\/p>\r\n<p><b>Kal\u0131c\u0131 \u00e7erezler:<\/b><span style=\"font-weight: 400;\"> Sitenin i\u015flevselli\u011fini artt\u0131rmak, ziyaret\u00e7ilere daha h\u0131zl\u0131 ve iyi bir hizmet sunmak i\u00e7in kullan\u0131l\u0131r. Bu \u00e7erezler tercihlerinizi hat\u0131rlamak i\u00e7in kullan\u0131l\u0131r ve taray\u0131c\u0131n\u0131z arac\u0131l\u0131\u011f\u0131yla depolan\u0131r. Baz\u0131 kal\u0131c\u0131 \u00e7erezler siteyi kullan\u0131m al\u0131\u015fkanl\u0131klar\u0131n\u0131z g\u00f6z \u00f6n\u00fcne al\u0131narak size \u00f6zel \u00f6neriler sunulmas\u0131 i\u00e7in kullan\u0131l\u0131r. Sitemizi ayn\u0131 cihazla tekrar ziyaret etti\u011finizde, cihaz\u0131n\u0131zda daha \u00f6nceden olu\u015fturulmu\u015f bir \u00e7erez varsa, sizin siteyi daha \u00f6nce ziyaret etti\u011finiz anla\u015f\u0131l\u0131r ve size iletilecek i\u00e7erik \u00f6zelle\u015ftirilerek daha iyi hizmet alman\u0131z sa\u011flan\u0131r.<\/span><\/p>\r\n<p><b>Teknik \u00e7erezler<\/b><b>:<\/b><span style=\"font-weight: 400;\"> Sitenin \u00e7al\u0131\u015fmas\u0131n\u0131 sa\u011flaman\u0131n yan\u0131 s\u0131ra, \u00e7al\u0131\u015fmayan alanlar\u0131 ve sayfalar\u0131n tespitinde kullan\u0131l\u0131r.<\/span><\/p>\r\n<p><b>Otantikasyon \u00e7erezleri<\/b><b>:<\/b><span style=\"font-weight: 400;\"> Siteye \u015fifrenizle giri\u015f yapman\u0131z durumunda, ziyaret etti\u011finiz her bir sayfada \u015fifrenin yeniden girilmesini \u00f6nlemek i\u00e7in kullan\u0131l\u0131r.<\/span><\/p>\r\n<p><b>Flash \u00e7erezleri<\/b><b>:<\/b><span style=\"font-weight: 400;\"> Sitedeki g\u00f6r\u00fcnt\u00fc ve ses i\u00e7eriklerini etkinle\u015ftirmek i\u00e7in kullan\u0131l\u0131r.\u00a0<\/span><\/p>\r\n<p><b>Ki\u015fiselle\u015ftirme \u00e7erezleri<\/b><b>:<\/b><span style=\"font-weight: 400;\"> Kullan\u0131c\u0131 tercihlerini (\u00f6rne\u011fin se\u00e7ilen dil tercihi) farkl\u0131 sitelerin farkl\u0131 sayfalar\u0131nda hat\u0131rlamak i\u00e7in kullan\u0131lan \u00e7erezlerdir.<\/span><\/p>\r\n<p><b>Analitik \u00e7erezler<\/b><b>:<\/b><span style=\"font-weight: 400;\"> Siteyi ziyaret edenlerin say\u0131lar\u0131, g\u00f6r\u00fcnt\u00fclenen sayfalar\u0131n belirlenmesi, ziyaret saatleri, sayfa kayd\u0131rma hareketleri gibi bilgileri g\u00f6sterir; sitenin i\u015fleyi\u015fini iyile\u015ftirmek i\u00e7in kullan\u0131l\u0131r.<\/span><\/p>\r\n<h1><b>\u00c7erezleri Kontrol Etme ve Silme:<\/b><\/h1>\r\n<p><span style=\"font-weight: 400;\">\u00c7erezlerin kullan\u0131m\u0131na ili\u015fkin tercihlerinizi de\u011fi\u015ftirmek ya da \u00e7erezleri engellemek veya silmek i\u00e7in taray\u0131c\u0131n\u0131z\u0131n ayarlar\u0131n\u0131 de\u011fi\u015ftirmeniz yeterlidir. Bir\u00e7ok taray\u0131c\u0131 \u00e7erezleri kontrol edebilmeniz i\u00e7in size \u00e7erezleri kabul etme veya reddetme, yaln\u0131zca belirli t\u00fcrdeki \u00e7erezleri kabul etme ya da bir internet sitesi cihaz\u0131n\u0131za \u00e7erez depolamay\u0131 talep etti\u011finde taray\u0131c\u0131 taraf\u0131ndan uyar\u0131lma se\u00e7ene\u011fi sunar. Ayn\u0131 zamanda daha \u00f6nce taray\u0131c\u0131n\u0131za kaydedilmi\u015f \u00e7erezlerin silinmesi de m\u00fcmk\u00fcnd\u00fcr.\u00a0\u00a0<\/span><\/p>\r\n","protected":false},"excerpt":{"rendered":"<p>Web sitemizi her ziyaretinizde eri\u015fim ve kullan\u0131mlar\u0131n\u0131z\u0131 g\u00f6steren bilgiler sitemizi kullan\u0131\u015fl\u0131, etkili, g\u00fcvenli hale getirmek ve size daha iyi hizmet verebilmek amac\u0131yla \u00e7e\u015fitli veri elde etme ara\u00e7lar\u0131 ile veya bizim ad\u0131m\u0131za faaliyet g\u00f6steren i\u015f ortalar\u0131m\u0131z olan \u00fc\u00e7\u00fcnc\u00fc ki\u015filer taraf\u0131ndan ilgili teknolojiler kullan\u0131larak verileriniz toplan\u0131r ve hukuka uygun olarak i\u015flenir. \u00c7erez (\u201cCookie\u201d) Nedir? \u00c7erezler, bir web [&hellip;]<\/p>\n","protected":false},"author":1,"featured_media":0,"parent":0,"menu_order":0,"comment_status":"closed","ping_status":"open","template":"","meta":{"_acf_changed":false,"inline_featured_image":false,"footnotes":""},"class_list":["post-2591","page","type-page","status-publish","hentry"],"acf":[],"_links":{"self":[{"href":"https:\/\/swissbork.com.tr\/ru\/wp-json\/wp\/v2\/pages\/2591","targetHints":{"allow":["GET"]}}],"collection":[{"href":"https:\/\/swissbork.com.tr\/ru\/wp-json\/wp\/v2\/pages"}],"about":[{"href":"https:\/\/swissbork.com.tr\/ru\/wp-json\/wp\/v2\/types\/page"}],"author":[{"embeddable":true,"href":"https:\/\/swissbork.com.tr\/ru\/wp-json\/wp\/v2\/users\/1"}],"replies":[{"embeddable":true,"href":"https:\/\/swissbork.com.tr\/ru\/wp-json\/wp\/v2\/comments?post=2591"}],"version-history":[{"count":2,"href":"https:\/\/swissbork.com.tr\/ru\/wp-json\/wp\/v2\/pages\/2591\/revisions"}],"predecessor-version":[{"id":2602,"href":"https:\/\/swissbork.com.tr\/ru\/wp-json\/wp\/v2\/pages\/2591\/revisions\/2602"}],"wp:attachment":[{"href":"https:\/\/swissbork.com.tr\/ru\/wp-json\/wp\/v2\/media?parent=2591"}],"curies":[{"name":"wp","href":"https:\/\/api.w.org\/{rel}","templated":true}]}}