{"id":2593,"date":"2024-02-16T11:43:25","date_gmt":"2024-02-16T08:43:25","guid":{"rendered":"https:\/\/swissbork.com.tr\/gizlilik-politikasi\/"},"modified":"2024-04-30T14:35:09","modified_gmt":"2024-04-30T11:35:09","slug":"gizlilik-politikasi","status":"publish","type":"page","link":"https:\/\/swissbork.com.tr\/ru\/%D0%BF%D0%BE%D0%BB%D0%B8%D1%82%D0%B8%D0%BA%D0%B0-%D0%BA%D0%BE%D0%BD%D1%84%D0%B8%D0%B4%D0%B5%D0%BD%D1%86%D0%B8%D0%B0%D0%BB%D1%8C%D0%BD%D0%BE%D1%81%D1%82%D0%B8\/","title":{"rendered":"\u043f\u043e\u043b\u0438\u0442\u0438\u043a\u0430 \u043a\u043e\u043d\u0444\u0438\u0434\u0435\u043d\u0446\u0438\u0430\u043b\u044c\u043d\u043e\u0441\u0442\u0438"},"content":{"rendered":"\r\n<p><b>1- Ki\u015fisel Bilgilerinizin Toplanmas\u0131<\/b><\/p>\r\n<p><span style=\"font-weight: 400;\">swissbork.com.tr\u2019de e-posta adresiniz, ad\u0131n\u0131z, soyad\u0131n\u0131z, TC numaran\u0131z, kimlik bilgileriniz, ev veya i\u015f adresiniz ya da telefon numaran\u0131z gibi ki\u015fisel bilgileri kendiniz giri\u015fini yapmad\u0131\u011f\u0131n\u0131z s\u00fcrece talep etmiyoruz.<\/span><\/p>\r\n<p><b>2- Ki\u015fisel Bilgilerinizin Kullan\u0131m\u0131<\/b><\/p>\r\n<p><span style=\"font-weight: 400;\">Ki\u015fisel bilgilerinizi sizinle ileti\u015fim kurmak i\u00e7in kullan\u0131r\u0131z. Ho\u015f geldiniz E-Postalar\u0131, \u00f6deme ve \u00f6deme an\u0131msat\u0131c\u0131lar\u0131, site y\u00f6neticiniz taraf\u0131ndan yap\u0131lan duyurular, anket ve forum bilgilendirmeleri, teknik hizmet sorunlar\u0131yla ilgili bilgi ve g\u00fcvenlik duyurular\u0131 gibi zorunlu olarak sa\u011flanan belirli hizmet ileti\u015fimleri de g\u00f6nderebiliriz.<\/span><\/p>\r\n<p><b>3- Ki\u015fisel Bilgilerinizin Payla\u015f\u0131lmas\u0131<\/b><\/p>\r\n<p><span style=\"font-weight: 400;\">Bu bildirimde tan\u0131mlanan\u0131n haricinde ki\u015fisel bilgilerinizi \u00fc\u00e7\u00fcnc\u00fc \u015fah\u0131s ve kurulu\u015flarla payla\u015fmay\u0131z. Ki\u015fisel bilgilerinizi pazarlama amac\u0131yla \u00fc\u00e7\u00fcnc\u00fc taraflarla payla\u015fmay\u0131z.<\/span><\/p>\r\n<p><span style=\"font-weight: 400;\">Baz\u0131 durumlarda, postalar\u0131n i\u015flenmesi ve teslim edilmesi, m\u00fc\u015fteri destek hizmetleri sa\u011flama, internet siteleri bar\u0131nd\u0131rma, ticari i\u015flemler ger\u00e7ekle\u015ftirme veya hizmetlerimizle ilgili istatistiksel \u00e7\u00f6z\u00fcmlemeler yapma gibi baz\u0131 s\u0131n\u0131rl\u0131 hizmetleri bizim ad\u0131m\u0131za yapmalar\u0131 i\u00e7in ba\u015fka \u015firketlerle anla\u015f\u0131r\u0131z. Bu hizmet sa\u011flay\u0131c\u0131lar\u0131n yaln\u0131zca hizmeti sa\u011flayabilmek i\u00e7in gerekli olacak ki\u015fisel bilgileri almalar\u0131na izin verilir. S\u00f6z konusu bilgilerin gizlili\u011fini korumalar\u0131 \u015fart ko\u015fulur ve bu bilgileri Swiss Bork\u2019a hizmet sa\u011flama d\u0131\u015f\u0131ndaki bir ama\u00e7 i\u00e7in kullanmalar\u0131 yasakt\u0131r. Ancak, kredi kart\u0131 doland\u0131r\u0131c\u0131l\u0131\u011f\u0131n\u0131n takibinde yasal gereklilikler yerine getirilir. Bu, sahte kredi kart\u0131 kullan\u0131mlar\u0131n\u0131 daha do\u011fru bir \u015fekilde saptamalar\u0131na yard\u0131mc\u0131 olur. \u015eu nedenlerle, ileti\u015fimlerinizin i\u00e7eri\u011fi dahil olmak \u00fczere sizinle ilgili bilgilere eri\u015febilir ve bilgileri a\u00e7\u0131klayabiliriz:<\/span><\/p>\r\n<p><b>4- \u0130leti\u015fim Tercihleri<\/b><\/p>\r\n<p><span style=\"font-weight: 400;\">Ald\u0131\u011f\u0131n\u0131z e-postadaki \u00f6zel y\u00f6nergeleri izleyerek, gelecekte swissbork.com.tr ve hizmetlerinden tan\u0131t\u0131m i\u00e7erikli e-postalar\u0131n size g\u00f6nderilmesini durdurabilirsiniz.<\/span><\/p>\r\n<p><b>5- Ki\u015fisel Bilgilerinizin G\u00fcvenli\u011fi<\/b><\/p>\r\n<p><span style=\"font-weight: 400;\">Swiss Bork, ki\u015fisel bilgilerinizi korumay\u0131 ilke edinmi\u015ftir. Kredi kart\u0131 numaras\u0131 veya parola gibi \u00e7ok gizli bilgileri internet \u00fczerinden aktar\u0131rken, bu verileri G\u00fcvenli Yuva Katman\u0131 (SSL) protokol\u00fc gibi \u015fifreleme y\u00f6ntemleriyle koruruz.<\/span><\/p>\r\n<p><span style=\"font-weight: 400;\">Hesaplar\u0131n\u0131z\u0131 ve ki\u015fisel bilgilerinizi korumak i\u00e7in bir parola kullan\u0131l\u0131yorsa, parolan\u0131z\u0131 gizli tutmak sizin sorumlulu\u011funuzdad\u0131r. Bu bilgiyi ba\u015fka kimseyle payla\u015fmay\u0131n. Bilgisayar\u0131n\u0131z\u0131 ba\u015fka ki\u015filerle payla\u015f\u0131yorsan\u0131z, sonraki kullan\u0131c\u0131lar\u0131n bilgilerinize eri\u015fmesini engellemek i\u00e7in bir siteyi veya hizmeti terk etmeden \u00f6nce her zaman oturumu kapatmal\u0131s\u0131n\u0131z.<\/span><\/p>\r\n<p><b>6- \u0130leti\u015fim<\/b><\/p>\r\n<p><span style=\"font-weight: 400;\">Gizlilik s\u00f6zle\u015fmesi ile ilgili herhangi bir soru veya sorununuz i\u00e7in bize iletisim@bork.com.tr <\/span><span style=\"font-weight: 400;\">e-posta adresinden ula\u015fabilirsiniz. Daha fazla bilgi edinmek i\u00e7in l\u00fctfen\u00a0ileti\u015fim\u00a0sayfam\u0131z\u0131 ziyaret edin.<\/span><\/p>\r\n<p><b>Bu Gizlilik Bildiriminde Yap\u0131lan De\u011fi\u015fiklikler<\/b><\/p>\r\n<p><span style=\"font-weight: 400;\">Hizmetlerimizdeki de\u011fi\u015fiklikleri ve m\u00fc\u015fteri g\u00f6r\u00fc\u015flerini yans\u0131tmak \u00fczere bu gizlilik bildirimini zaman zaman g\u00fcncelle\u015ftirece\u011fiz. Bu Bildirimde de\u011fi\u015fiklik yapt\u0131\u011f\u0131m\u0131zda, bildirimin en \u00fcst\u00fcnde yer alan \u201cson g\u00fcncelle\u015ftirme\u201d tarihi de\u011fi\u015ftirilecektir. Bu bildirimde somut de\u011fi\u015fiklikler yap\u0131lmas\u0131 durumunda, bu de\u011fi\u015fiklikleri yapmadan \u00f6nce herkesin g\u00f6rebilece\u011fi bir \u015fekilde ilanda bulunulacak ya da size do\u011frudan bir bildirim g\u00f6nderilecektir.<\/span><\/p>\r\n","protected":false},"excerpt":{"rendered":"<p>1- Ki\u015fisel Bilgilerinizin Toplanmas\u0131 swissbork.com.tr\u2019de e-posta adresiniz, ad\u0131n\u0131z, soyad\u0131n\u0131z, TC numaran\u0131z, kimlik bilgileriniz, ev veya i\u015f adresiniz ya da telefon numaran\u0131z gibi ki\u015fisel bilgileri kendiniz giri\u015fini yapmad\u0131\u011f\u0131n\u0131z s\u00fcrece talep etmiyoruz. 2- Ki\u015fisel Bilgilerinizin Kullan\u0131m\u0131 Ki\u015fisel bilgilerinizi sizinle ileti\u015fim kurmak i\u00e7in kullan\u0131r\u0131z. Ho\u015f geldiniz E-Postalar\u0131, \u00f6deme ve \u00f6deme an\u0131msat\u0131c\u0131lar\u0131, site y\u00f6neticiniz taraf\u0131ndan yap\u0131lan duyurular, anket ve [&hellip;]<\/p>\n","protected":false},"author":1,"featured_media":0,"parent":0,"menu_order":0,"comment_status":"closed","ping_status":"open","template":"","meta":{"_acf_changed":false,"inline_featured_image":false,"footnotes":""},"class_list":["post-2593","page","type-page","status-publish","hentry"],"acf":[],"_links":{"self":[{"href":"https:\/\/swissbork.com.tr\/ru\/wp-json\/wp\/v2\/pages\/2593","targetHints":{"allow":["GET"]}}],"collection":[{"href":"https:\/\/swissbork.com.tr\/ru\/wp-json\/wp\/v2\/pages"}],"about":[{"href":"https:\/\/swissbork.com.tr\/ru\/wp-json\/wp\/v2\/types\/page"}],"author":[{"embeddable":true,"href":"https:\/\/swissbork.com.tr\/ru\/wp-json\/wp\/v2\/users\/1"}],"replies":[{"embeddable":true,"href":"https:\/\/swissbork.com.tr\/ru\/wp-json\/wp\/v2\/comments?post=2593"}],"version-history":[{"count":2,"href":"https:\/\/swissbork.com.tr\/ru\/wp-json\/wp\/v2\/pages\/2593\/revisions"}],"predecessor-version":[{"id":2601,"href":"https:\/\/swissbork.com.tr\/ru\/wp-json\/wp\/v2\/pages\/2593\/revisions\/2601"}],"wp:attachment":[{"href":"https:\/\/swissbork.com.tr\/ru\/wp-json\/wp\/v2\/media?parent=2593"}],"curies":[{"name":"wp","href":"https:\/\/api.w.org\/{rel}","templated":true}]}}