{"id":2636,"date":"2022-09-08T05:33:01","date_gmt":"2022-09-08T02:33:01","guid":{"rendered":"https:\/\/swissbork.com.tr\/iletisim\/"},"modified":"2025-01-10T14:36:05","modified_gmt":"2025-01-10T11:36:05","slug":"%d0%ba%d0%be%d0%bd%d1%82%d0%b0%d0%ba%d1%82%d1%8b","status":"publish","type":"page","link":"https:\/\/swissbork.com.tr\/ru\/%D0%9A%D0%BE%D0%BD%D1%82%D0%B0%D0%BA%D1%82%D1%8B\/","title":{"rendered":"\u041a\u043e\u043d\u0442\u0430\u043a\u0442\u044b"},"content":{"rendered":"\t\t<div data-elementor-type=\"wp-page\" data-elementor-id=\"2636\" class=\"elementor elementor-2636 elementor-87\" data-elementor-post-type=\"page\">\n\t\t\t\t\t\t<section class=\"elementor-section elementor-top-section elementor-element elementor-element-b7b2079 elementor-section-full_width elementor-section-height-default elementor-section-height-default\" data-id=\"b7b2079\" data-element_type=\"section\">\n\t\t\t\t\t\t<div class=\"elementor-container elementor-column-gap-no\">\n\t\t\t\t\t<div class=\"elementor-column elementor-col-100 elementor-top-column elementor-element elementor-element-f87c9fe\" data-id=\"f87c9fe\" data-element_type=\"column\">\n\t\t\t<div class=\"elementor-widget-wrap elementor-element-populated\">\n\t\t\t\t\t\t<div class=\"elementor-element elementor-element-6702840 elementor-widget elementor-widget-contact-info\" data-id=\"6702840\" data-element_type=\"widget\" data-widget_type=\"contact-info.default\">\n\t\t\t\t<div class=\"elementor-widget-container\">\n\t\t\t\r\n        <!-- contact-area -->\r\n        <section class=\"contact-area\">\r\n            <div class=\"container\">\r\n                <div class=\"contact-box-wrapper\">\r\n                    <div class=\"row justify-content-center\">\r\n\r\n                                                <div class=\"col-lg-4 col-md-6 col-sm-9\">\r\n                            <div class=\"contact-box\">\r\n                                <div class=\"contact-icon\">\r\n                                    <span class=\"overlay-icon\"><i class=\"fas fa-check\"><\/i><\/span>\r\n                                    \r\n                                                                                    <img decoding=\"async\" src=\"http:\/\/swissbork.com.tr\/wp-content\/uploads\/2024\/04\/phone.png\" alt=\"\">\r\n                                        \r\n                                    \r\n                                <\/div>\r\n                                <div class=\"contact-content\">\r\n\r\n                                                                            <h5 class=\"title\">\u0422\u0415\u041b\u0415\u0424\u041e\u041d<\/h5>\r\n                                    \r\n                                                                            <p class=\"contact-desc\">+90 (212) 438 38 24<\/p>\r\n                                    \r\n                                <\/div>\r\n                            <\/div>\r\n                        <\/div>\r\n                                                <div class=\"col-lg-4 col-md-6 col-sm-9\">\r\n                            <div class=\"contact-box\">\r\n                                <div class=\"contact-icon\">\r\n                                    <span class=\"overlay-icon\"><i class=\"fas fa-check\"><\/i><\/span>\r\n                                    \r\n                                                                                    <img decoding=\"async\" src=\"http:\/\/swissbork.com.tr\/wp-content\/uploads\/2024\/04\/konum.png\" alt=\"\">\r\n                                        \r\n                                    \r\n                                <\/div>\r\n                                <div class=\"contact-content\">\r\n\r\n                                                                            <h5 class=\"title\">\u0410\u0414\u0420\u0415\u0421<\/h5>\r\n                                    \r\n                                                                            <p class=\"contact-desc\">Pirin\u00e7ci Mahallesi Araba Kona\u011f\u0131 Caddesi, Pirin\u00e7ci k\u00f6y\u00fc yolu no 43, 34076 Ey\u00fcpsultan\/\u0130stanbul<\/p>\r\n                                    \r\n                                <\/div>\r\n                            <\/div>\r\n                        <\/div>\r\n                                                <div class=\"col-lg-4 col-md-6 col-sm-9\">\r\n                            <div class=\"contact-box\">\r\n                                <div class=\"contact-icon\">\r\n                                    <span class=\"overlay-icon\"><i class=\"fas fa-check\"><\/i><\/span>\r\n                                    \r\n                                                                                    <img decoding=\"async\" src=\"http:\/\/swissbork.com.tr\/wp-content\/uploads\/2024\/04\/mail.png\" alt=\"\">\r\n                                        \r\n                                    \r\n                                <\/div>\r\n                                <div class=\"contact-content\">\r\n\r\n                                                                            <h5 class=\"title\">\u042d\u043b\u0435\u043a\u0442\u0440\u043e\u043d\u043d\u0430\u044f \u041f\u041e\u0427\u0422\u0410<\/h5>\r\n                                    \r\n                                                                            <p class=\"contact-desc\">info@bork.com.tr<\/p>\r\n                                    \r\n                                <\/div>\r\n                            <\/div>\r\n                        <\/div>\r\n                        \r\n                    <\/div>\r\n                <\/div>\r\n            <\/div>\r\n        <\/section>\r\n        <!-- contact-area-end -->\r\n\r\n        <!-- contact-form-end -->\r\n        <section class=\"contact-form-area\">\r\n            <div class=\"container\">\r\n                <div class=\"row\">\r\n                    <div class=\"col-xl-6\">\r\n                        <div id=\"contact-map\">\r\n                            <iframe src=\"https:\/\/www.google.com\/maps\/embed?pb=!1m18!1m12!1m3!1d3006.66197747305!2d28.996140575305276!3d41.098231613882255!2m3!1f0!2f0!3f0!3m2!1i1024!2i768!4f13.1!3m3!1m2!1s0x14cab74802e1a13f%3A0x2bb2a2d8840a7686!2zQm9yayBIZWFsdGggxLBsYcOn!5e0!3m2!1str!2str!4v1710941381652!5m2!1str!2str\" width=\"600\" height=\"450\"><\/iframe>                        <\/div>\r\n                    <\/div>\r\n                    <div class=\"col-xl-6\">\r\n                        <div class=\"contact-form-wrap\">\r\n                                                            <div class=\"section-title mb-50\">\r\n\r\n                                                                        <p class=\"sub-title\">.. \u0421\u0412\u042f\u0416\u0418\u0422\u0415\u0421\u042c \u0421 \u041d\u0410\u041c\u0418 ..<\/p>\r\n                                    \r\n                                    <h2 class=\"title\">\u0421\u0412\u042f\u0416\u0418\u0422\u0415\u0421\u042c \u0421 \u041d\u0410\u041c\u0418<\/br>\u0417\u0410\u041f\u041e\u041b\u041d\u0418\u0412 \u0424\u041e\u0420\u041c\u0423<\/h2>\r\n                                <\/div>\r\n                            \r\n                            \n<div class=\"wpcf7 no-js\" id=\"wpcf7-f2717-o1\" lang=\"en-US\" dir=\"ltr\">\n<div class=\"screen-reader-response\"><p role=\"status\" aria-live=\"polite\" aria-atomic=\"true\"><\/p> <ul><\/ul><\/div>\n<form action=\"\/ru\/wp-json\/wp\/v2\/pages\/2636#wpcf7-f2717-o1\" method=\"post\" class=\"wpcf7-form init\" aria-label=\"Contact form\" novalidate=\"novalidate\" data-status=\"init\">\n<div style=\"display: none;\">\n<input type=\"hidden\" name=\"_wpcf7\" value=\"2717\" \/>\n<input type=\"hidden\" name=\"_wpcf7_version\" value=\"5.9.6\" \/>\n<input type=\"hidden\" name=\"_wpcf7_locale\" value=\"en_US\" \/>\n<input type=\"hidden\" name=\"_wpcf7_unit_tag\" value=\"wpcf7-f2717-o1\" \/>\n<input type=\"hidden\" name=\"_wpcf7_container_post\" value=\"0\" \/>\n<input type=\"hidden\" name=\"_wpcf7_posted_data_hash\" value=\"\" \/>\n<\/div>\n<div class=\"contact-form\">\n    <div class=\"row\">\n        <div class=\"col-md-6\">\n            <div class=\"form-grp\">\n                <label for=\"full-name\">\u0412\u0430\u0448\u0435 \u0438\u043c\u044f<\/label>\n                <span class=\"wpcf7-form-control-wrap\" data-name=\"your-name\"><input size=\"40\" maxlength=\"80\" class=\"wpcf7-form-control wpcf7-text wpcf7-validates-as-required\" id=\"full-name\" aria-required=\"true\" aria-invalid=\"false\" placeholder=\"\u041f\u043e\u0436\u0430\u043b\u0443\u0439\u0441\u0442\u0430, \u043d\u0430\u043f\u0438\u0448\u0438\u0442\u0435 \u0437\u0434\u0435\u0441\u044c\" value=\"\" type=\"text\" name=\"your-name\" \/><\/span>\n            <\/div>\n        <\/div>\n        <div class=\"col-md-6\">\n            <div class=\"form-grp\">\n                <label for=\"email\">\u0412\u0430\u0448 \u0430\u0434\u0440\u0435\u0441 \u044d\u043b\u0435\u043a\u0442\u0440\u043e\u043d\u043d\u043e\u0439 \u043f\u043e\u0447\u0442\u044b<\/label>\n                <span class=\"wpcf7-form-control-wrap\" data-name=\"your-email\"><input size=\"40\" maxlength=\"80\" class=\"wpcf7-form-control wpcf7-email wpcf7-validates-as-required wpcf7-text wpcf7-validates-as-email\" id=\"email\" aria-required=\"true\" aria-invalid=\"false\" placeholder=\"\u041f\u043e\u0436\u0430\u043b\u0443\u0439\u0441\u0442\u0430, \u043d\u0430\u043f\u0438\u0448\u0438\u0442\u0435 \u0437\u0434\u0435\u0441\u044c\" value=\"\" type=\"email\" name=\"your-email\" \/><\/span>\n        <\/div>\n    <\/div>\n    <span class=\"wpcf7-form-control-wrap\" data-name=\"your-subject\"><select class=\"wpcf7-form-control wpcf7-select wpcf7-validates-as-required form-select\" aria-required=\"true\" aria-invalid=\"false\" name=\"your-subject\"><option value=\"\u0412\u044b\u0431\u0435\u0440\u0438\u0442\u0435 \u0442\u0435\u043c\u0443 **\">\u0412\u044b\u0431\u0435\u0440\u0438\u0442\u0435 \u0442\u0435\u043c\u0443 **<\/option><option value=\"\u041f\u043e\u0434\u0434\u0435\u0440\u0436\u043a\u0430\">\u041f\u043e\u0434\u0434\u0435\u0440\u0436\u043a\u0430<\/option><option value=\"\u041f\u0440\u0435\u0434\u043b\u043e\u0436\u0435\u043d\u0438\u044f \u0438 \u0437\u0430\u044f\u0432\u043b\u0435\u043d\u0438\u044f\">\u041f\u0440\u0435\u0434\u043b\u043e\u0436\u0435\u043d\u0438\u044f \u0438 \u0437\u0430\u044f\u0432\u043b\u0435\u043d\u0438\u044f<\/option><option value=\"\u041f\u043e\u0434\u0434\u0435\u0440\u0436\u043a\u0430\">\u041f\u043e\u0434\u0434\u0435\u0440\u0436\u043a\u0430<\/option><\/select><\/span>\n    <div class=\"form-grp\">\n        <label for=\"message\">\u0412\u0430\u0448\u0435 \u0441\u043e\u043e\u0431\u0449\u0435\u043d\u0438\u0435<\/label>\n        <span class=\"wpcf7-form-control-wrap\" data-name=\"your-message\"><textarea cols=\"40\" rows=\"10\" maxlength=\"400\" class=\"wpcf7-form-control wpcf7-textarea\" id=\"message\" aria-invalid=\"false\" placeholder=\"\u041f\u043e\u0436\u0430\u043b\u0443\u0439\u0441\u0442\u0430, \u043d\u0430\u043f\u0438\u0448\u0438\u0442\u0435 \u0437\u0434\u0435\u0441\u044c\" name=\"your-message\"><\/textarea><\/span>\n    <\/div>\n    <div class=\"form-btn\">\n        <input class=\"wpcf7-form-control wpcf7-submit has-spinner btn\" type=\"submit\" value=\"\u041e\u0442\u043f\u0440\u0430\u0432\u0438\u0442\u044c\" \/>\n    <\/div>\n<\/div><div class=\"wpcf7-response-output\" aria-hidden=\"true\"><\/div>\n<\/form>\n<\/div>\n\r\n                        <\/div>\r\n                    <\/div>\r\n                <\/div>\r\n            <\/div>\r\n        <\/section>\r\n        <!-- contact-form-area-end -->\r\n\r\n    \t\t<\/div>\n\t\t\t\t<\/div>\n\t\t\t\t\t<\/div>\n\t\t<\/div>\n\t\t\t\t\t<\/div>\n\t\t<\/section>\n\t\t\t\t<section class=\"elementor-section elementor-top-section elementor-element elementor-element-9b4e891 elementor-section-full_width elementor-section-height-default elementor-section-height-default\" data-id=\"9b4e891\" data-element_type=\"section\">\n\t\t\t\t\t\t<div class=\"elementor-container elementor-column-gap-no\">\n\t\t\t\t\t<div class=\"elementor-column elementor-col-100 elementor-top-column elementor-element elementor-element-ab2673f\" data-id=\"ab2673f\" data-element_type=\"column\">\n\t\t\t<div class=\"elementor-widget-wrap elementor-element-populated\">\n\t\t\t\t\t\t<div class=\"elementor-element elementor-element-690dc3a elementor-widget elementor-widget-tg-gallery\" data-id=\"690dc3a\" data-element_type=\"widget\" data-widget_type=\"tg-gallery.default\">\n\t\t\t\t<div class=\"elementor-widget-container\">\n\t\t\t\r\n\t\t\r\n\t\t<script>\r\n            jQuery(document).ready(function($){\r\n\r\n\t\t\t\t\/*=============================================\r\n\t\t\t\t\t=         Instagram Active          =\r\n\t\t\t\t=============================================*\/\r\n\t\t\t\t$('.instagram-active').slick({\r\n\t\t\t\t\tdots: false,\r\n\t\t\t\t\tinfinite: true,\r\n\t\t\t\t\tspeed: 1000,\r\n\t\t\t\t\tautoplay: true,\r\n\t\t\t\t\tarrows: false,\r\n\t\t\t\t\tswipe: false,\r\n\t\t\t\t\tslidesToShow: 5,\r\n\t\t\t\t\tslidesToScroll: 1,\r\n\t\t\t\t\tresponsive: [\r\n\t\t\t\t\t\t{\r\n\t\t\t\t\t\tbreakpoint: 1200,\r\n\t\t\t\t\t\t\tsettings: {\r\n\t\t\t\t\t\t\t\tslidesToShow: 5,\r\n\t\t\t\t\t\t\t\tslidesToScroll: 1,\r\n\t\t\t\t\t\t\t\tinfinite: true,\r\n\t\t\t\t\t\t\t}\r\n\t\t\t\t\t\t},\r\n\t\t\t\t\t\t{\r\n\t\t\t\t\t\tbreakpoint: 992,\r\n\t\t\t\t\t\t\tsettings: {\r\n\t\t\t\t\t\t\t\tslidesToShow: 4,\r\n\t\t\t\t\t\t\t\tslidesToScroll: 1\r\n\t\t\t\t\t\t\t}\r\n\t\t\t\t\t\t},\r\n\t\t\t\t\t\t{\r\n\t\t\t\t\t\tbreakpoint: 767,\r\n\t\t\t\t\t\t\tsettings: {\r\n\t\t\t\t\t\t\t\tslidesToShow: 3,\r\n\t\t\t\t\t\t\t\tslidesToScroll: 1,\r\n\t\t\t\t\t\t\t\tarrows: false,\r\n\t\t\t\t\t\t\t}\r\n\t\t\t\t\t\t},\r\n\t\t\t\t\t\t{\r\n\t\t\t\t\t\tbreakpoint: 575,\r\n\t\t\t\t\t\t\tsettings: {\r\n\t\t\t\t\t\t\t\tslidesToShow: 2,\r\n\t\t\t\t\t\t\t\tslidesToScroll: 1,\r\n\t\t\t\t\t\t\t\tarrows: false,\r\n\t\t\t\t\t\t\t}\r\n\t\t\t\t\t\t},\r\n\t\t\t\t\t]\r\n\t\t\t\t});\r\n\r\n            });\r\n        <\/script>\r\n\r\n\t\t<!-- Footer-instagram -->\r\n\t\t<div class=\"footer-instagram\">\r\n\t\t\t<div class=\"container\">\r\n\t\t\t\t<div class=\"row g-0 instagram-active\">\r\n\t\t\t\t\t\t\t\t\t\t<div class=\"col-2\">\r\n\t\t\t\t\t\t<div class=\"footer-insta-item\">\r\n\t\t\t\t\t\t\t<a href=\"https:\/\/swissbork.com.tr\/wp-content\/uploads\/2024\/03\/ultra-spray-d3-k2-768x618.webp\"><img decoding=\"async\" src=\"https:\/\/swissbork.com.tr\/wp-content\/uploads\/2024\/03\/ultra-spray-d3-k2-768x618.webp\" alt=\"Ultra Spray D3-K2\"><\/a>\r\n\t\t\t\t\t\t<\/div>\r\n\t\t\t\t\t<\/div>\r\n\t\t\t\t\t\t\t\t\t\t<div class=\"col-2\">\r\n\t\t\t\t\t\t<div class=\"footer-insta-item\">\r\n\t\t\t\t\t\t\t<a href=\"https:\/\/swissbork.com.tr\/wp-content\/uploads\/2024\/03\/mag5x-768x618.webp\"><img decoding=\"async\" src=\"https:\/\/swissbork.com.tr\/wp-content\/uploads\/2024\/03\/mag5x-768x618.webp\" alt=\"Mag 5x\"><\/a>\r\n\t\t\t\t\t\t<\/div>\r\n\t\t\t\t\t<\/div>\r\n\t\t\t\t\t\t\t\t\t\t<div class=\"col-2\">\r\n\t\t\t\t\t\t<div class=\"footer-insta-item\">\r\n\t\t\t\t\t\t\t<a href=\"https:\/\/swissbork.com.tr\/wp-content\/uploads\/2024\/03\/multicobalmin-b12-768x618.webp\"><img decoding=\"async\" src=\"https:\/\/swissbork.com.tr\/wp-content\/uploads\/2024\/03\/multicobalmin-b12-768x618.webp\" alt=\"Multi Cobalamin B12 Sprey\"><\/a>\r\n\t\t\t\t\t\t<\/div>\r\n\t\t\t\t\t<\/div>\r\n\t\t\t\t\t\t\t\t\t\t<div class=\"col-2\">\r\n\t\t\t\t\t\t<div class=\"footer-insta-item\">\r\n\t\t\t\t\t\t\t<a href=\"https:\/\/swissbork.com.tr\/wp-content\/uploads\/2024\/03\/thyromix-1-768x618.webp\"><img decoding=\"async\" src=\"https:\/\/swissbork.com.tr\/wp-content\/uploads\/2024\/03\/thyromix-1-768x618.webp\" alt=\"Thyromix\"><\/a>\r\n\t\t\t\t\t\t<\/div>\r\n\t\t\t\t\t<\/div>\r\n\t\t\t\t\t\t\t\t\t\t<div class=\"col-2\">\r\n\t\t\t\t\t\t<div class=\"footer-insta-item\">\r\n\t\t\t\t\t\t\t<a href=\"https:\/\/swissbork.com.tr\/wp-content\/uploads\/2024\/03\/b-complex-1-768x618.webp\"><img decoding=\"async\" src=\"https:\/\/swissbork.com.tr\/wp-content\/uploads\/2024\/03\/b-complex-1-768x618.webp\" alt=\"B-complex\"><\/a>\r\n\t\t\t\t\t\t<\/div>\r\n\t\t\t\t\t<\/div>\r\n\t\t\t\t\t\t\t\t\t\t<div class=\"col-2\">\r\n\t\t\t\t\t\t<div class=\"footer-insta-item\">\r\n\t\t\t\t\t\t\t<a href=\"https:\/\/swissbork.com.tr\/wp-content\/uploads\/2024\/03\/collagen-powder-768x618.webp\"><img decoding=\"async\" src=\"https:\/\/swissbork.com.tr\/wp-content\/uploads\/2024\/03\/collagen-powder-768x618.webp\" alt=\"Multi Collagen Powder\"><\/a>\r\n\t\t\t\t\t\t<\/div>\r\n\t\t\t\t\t<\/div>\r\n\t\t\t\t\t\r\n\t\t\t\t<\/div>\r\n\t\t\t<\/div>\r\n\t\t<\/div>\r\n\t\t<!-- Footer-instagram-end -->\r\n\r\n\t\t\r\n\t\t\t<\/div>\n\t\t\t\t<\/div>\n\t\t\t\t\t<\/div>\n\t\t<\/div>\n\t\t\t\t\t<\/div>\n\t\t<\/section>\n\t\t\t\t<\/div>\n\t\t","protected":false},"excerpt":{"rendered":"<p>\u0422\u0415\u041b\u0415\u0424\u041e\u041d +90 (212) 438 38 24 \u0410\u0414\u0420\u0415\u0421 Pirin\u00e7ci Mahallesi Araba Kona\u011f\u0131 Caddesi, Pirin\u00e7ci k\u00f6y\u00fc yolu no 43, 34076 Ey\u00fcpsultan\/\u0130stanbul \u042d\u043b\u0435\u043a\u0442\u0440\u043e\u043d\u043d\u0430\u044f \u041f\u041e\u0427\u0422\u0410 info@bork.com.tr .. \u0421\u0412\u042f\u0416\u0418\u0422\u0415\u0421\u042c \u0421 \u041d\u0410\u041c\u0418 .. \u0421\u0412\u042f\u0416\u0418\u0422\u0415\u0421\u042c \u0421 \u041d\u0410\u041c\u0418\u0417\u0410\u041f\u041e\u041b\u041d\u0418\u0412 \u0424\u041e\u0420\u041c\u0423 \u0412\u0430\u0448\u0435 \u0438\u043c\u044f \u0412\u0430\u0448 \u0430\u0434\u0440\u0435\u0441 \u044d\u043b\u0435\u043a\u0442\u0440\u043e\u043d\u043d\u043e\u0439 \u043f\u043e\u0447\u0442\u044b \u0412\u044b\u0431\u0435\u0440\u0438\u0442\u0435 \u0442\u0435\u043c\u0443 **\u041f\u043e\u0434\u0434\u0435\u0440\u0436\u043a\u0430\u041f\u0440\u0435\u0434\u043b\u043e\u0436\u0435\u043d\u0438\u044f \u0438 \u0437\u0430\u044f\u0432\u043b\u0435\u043d\u0438\u044f\u041f\u043e\u0434\u0434\u0435\u0440\u0436\u043a\u0430 \u0412\u0430\u0448\u0435 \u0441\u043e\u043e\u0431\u0449\u0435\u043d\u0438\u0435<\/p>\n","protected":false},"author":1,"featured_media":0,"parent":0,"menu_order":0,"comment_status":"closed","ping_status":"closed","template":"elementor_header_footer","meta":{"_acf_changed":false,"inline_featured_image":false,"footnotes":""},"class_list":["post-2636","page","type-page","status-publish","hentry"],"acf":[],"_links":{"self":[{"href":"https:\/\/swissbork.com.tr\/ru\/wp-json\/wp\/v2\/pages\/2636","targetHints":{"allow":["GET"]}}],"collection":[{"href":"https:\/\/swissbork.com.tr\/ru\/wp-json\/wp\/v2\/pages"}],"about":[{"href":"https:\/\/swissbork.com.tr\/ru\/wp-json\/wp\/v2\/types\/page"}],"author":[{"embeddable":true,"href":"https:\/\/swissbork.com.tr\/ru\/wp-json\/wp\/v2\/users\/1"}],"replies":[{"embeddable":true,"href":"https:\/\/swissbork.com.tr\/ru\/wp-json\/wp\/v2\/comments?post=2636"}],"version-history":[{"count":21,"href":"https:\/\/swissbork.com.tr\/ru\/wp-json\/wp\/v2\/pages\/2636\/revisions"}],"predecessor-version":[{"id":3179,"href":"https:\/\/swissbork.com.tr\/ru\/wp-json\/wp\/v2\/pages\/2636\/revisions\/3179"}],"wp:attachment":[{"href":"https:\/\/swissbork.com.tr\/ru\/wp-json\/wp\/v2\/media?parent=2636"}],"curies":[{"name":"wp","href":"https:\/\/api.w.org\/{rel}","templated":true}]}}